{"id":3,"date":"2024-09-22T11:25:05","date_gmt":"2024-09-22T11:25:05","guid":{"rendered":"https:\/\/kcontakt.ch\/?page_id=3"},"modified":"2024-09-26T15:35:47","modified_gmt":"2024-09-26T13:35:47","slug":"politque-confidentialite","status":"publish","type":"page","link":"https:\/\/kcontakt.ch\/en\/politque-confidentialite\/","title":{"rendered":"Privacy policy"},"content":{"rendered":"<p>Cette politique de confidentialit\u00e9 d\u00e9crit comment KContakt Photography collecte, utilise et prot\u00e8ge vos informations personnelles lorsque vous visitez notre site.<\/p>\n\n\n\n<p><\/p>\n\n\n\n<h4 class=\"wp-block-heading\">Commentaires<\/h4>\n\n\n\n<p>Lorsque les visiteurs laissent des commentaires sur le site, nous collectons les donn\u00e9es affich\u00e9es dans le formulaire de commentaire, ainsi que l&rsquo;adresse IP du visiteur et la cha\u00eene d&rsquo;agent utilisateur du navigateur afin d&rsquo;aider \u00e0 la d\u00e9tection de spam.<\/p>\n\n\n\n<p>Une cha\u00eene anonymis\u00e9e cr\u00e9\u00e9e \u00e0 partir de votre adresse e-mail (appel\u00e9e \u00e9galement un hash) peut \u00eatre fournie au service Gravatar pour v\u00e9rifier si vous l&rsquo;utilisez. La politique de confidentialit\u00e9 du service Gravatar est disponible ici : https:\/\/automattic.com\/privacy\/. Apr\u00e8s l&rsquo;approbation de votre commentaire, votre photo de profil sera visible publiquement dans le contexte de votre commentaire.<\/p>\n\n\n\n<p><\/p>\n\n\n\n<h4 class=\"wp-block-heading\">Media<\/h4>\n\n\n\n<p>Si vous t\u00e9l\u00e9chargez des images sur le site web, vous devriez \u00e9viter de t\u00e9l\u00e9charger des images contenant des donn\u00e9es de localisation int\u00e9gr\u00e9es (EXIF GPS). Les visiteurs du site web peuvent t\u00e9l\u00e9charger et extraire les donn\u00e9es de localisation des images pr\u00e9sentes sur le site.<\/p>\n\n\n\n<p><\/p>\n\n\n\n<h4 class=\"wp-block-heading\">Cookies<\/h4>\n\n\n\n<p>Si vous laissez un commentaire sur notre site, vous pouvez choisir d&rsquo;enregistrer votre nom, adresse e-mail et site web dans des cookies. Cela est fait pour votre commodit\u00e9 afin que vous n&rsquo;ayez pas \u00e0 remplir vos informations \u00e0 nouveau lors de la soumission d&rsquo;un autre commentaire. Ces cookies dureront un an.<\/p>\n\n\n\n<p>Si vous visitez notre page de connexion, nous cr\u00e9erons un cookie temporaire pour d\u00e9terminer si votre navigateur accepte les cookies. Ce cookie ne contient aucune donn\u00e9e personnelle et sera supprim\u00e9 lorsque vous fermerez votre navigateur.<\/p>\n\n\n\n<p>Lorsque vous vous connectez, nous mettrons en place plusieurs cookies pour enregistrer vos informations de connexion et vos pr\u00e9f\u00e9rences d&rsquo;affichage d&rsquo;\u00e9cran. Les cookies de connexion durent deux jours et les cookies des options d&rsquo;affichage durent un an. Si vous s\u00e9lectionnez \u00ab\u00a0Se souvenir de moi\u00a0\u00bb, votre connexion sera maintenue pendant deux semaines. Si vous vous d\u00e9connectez de votre compte, les cookies de connexion seront supprim\u00e9s.<\/p>\n\n\n\n<p>Si vous modifiez ou publiez un article, un cookie suppl\u00e9mentaire sera enregistr\u00e9 dans votre navigateur. Ce cookie ne contient aucune donn\u00e9e personnelle et indique simplement l&rsquo;ID de l&rsquo;article que vous venez de modifier. Il expire apr\u00e8s un jour.<\/p>\n\n\n\n<p>Nous pouvons \u00e9galement utiliser des cookies de tiers pour analyser l&rsquo;utilisation du site et am\u00e9liorer nos services.<\/p>\n\n\n\n<p><\/p>\n\n\n\n<h4 class=\"wp-block-heading\">Le contenu int\u00e9gr\u00e9 provenant d&rsquo;autres sites web<\/h4>\n\n\n\n<p>Les articles sur ce site peuvent inclure du contenu int\u00e9gr\u00e9 (par exemple des vid\u00e9os, images, articles, etc.). Le contenu int\u00e9gr\u00e9 provenant d&rsquo;autres sites web se comporte de la m\u00eame mani\u00e8re que si le visiteur avait consult\u00e9 l&rsquo;autre site web.<\/p>\n\n\n\n<p>Ces sites web peuvent collecter des donn\u00e9es vous concernant, utiliser des cookies, int\u00e9grer un suivi suppl\u00e9mentaire de la part de tiers, et surveiller vos interactions avec ce contenu int\u00e9gr\u00e9, y compris le suivi de vos interactions si vous avez un compte et \u00eates connect\u00e9 \u00e0 ce site web.<\/p>\n\n\n\n<p>Nous conservons les donn\u00e9es des utilisateurs pour la dur\u00e9e n\u00e9cessaire \u00e0 la r\u00e9alisation des finalit\u00e9s pour lesquelles elles ont \u00e9t\u00e9 collect\u00e9es, y compris la conformit\u00e9 l\u00e9gale.<\/p>\n\n\n\n<p><\/p>\n\n\n\n<h4 class=\"wp-block-heading\">Avec qui nous partageons vos donn\u00e9es<\/h4>\n\n\n\n<p>Nous partageons vos donn\u00e9es uniquement avec les partenaires n\u00e9cessaires au bon fonctionnement de nos services. <\/p>\n\n\n\n<p>Dans le cadre des paiements en ligne, nous collaborons avec Worldline, un prestataire de services de paiement s\u00e9curis\u00e9. Les informations li\u00e9es \u00e0 vos transactions, telles que les donn\u00e9es de paiement, sont transmises \u00e0 Worldline afin de traiter et s\u00e9curiser vos paiements. Ces donn\u00e9es sont utilis\u00e9es uniquement \u00e0 des fins de traitement des transactions et de conformit\u00e9 l\u00e9gale, et ne sont jamais partag\u00e9es \u00e0 d&rsquo;autres fins commerciales. Worldline respecte les normes de s\u00e9curit\u00e9 et de protection des donn\u00e9es les plus strictes, conform\u00e9ment aux r\u00e9glementations en vigueur. <\/p>\n\n\n\n<p>De plus, les commentaires des visiteurs peuvent \u00eatre v\u00e9rifi\u00e9s \u00e0 l&rsquo;aide d&rsquo;un service automatis\u00e9 de d\u00e9tection de spam.<\/p>\n\n\n\n<p><\/p>\n\n\n\n<h4 class=\"wp-block-heading\">Dur\u00e9e de conservation de vos donn\u00e9es<\/h4>\n\n\n\n<p>Si vous laissez un commentaire, celui-ci ainsi que ses m\u00e9tadonn\u00e9es sont conserv\u00e9s ind\u00e9finiment. Cela nous permet de reconna\u00eetre et d&rsquo;approuver automatiquement les commentaires de suivi au lieu de les placer dans une file d&rsquo;attente de mod\u00e9ration.<\/p>\n\n\n\n<p>Pour les utilisateurs qui s&rsquo;inscrivent sur notre site (le cas \u00e9ch\u00e9ant), nous stockons \u00e9galement les informations personnelles fournies dans leur profil utilisateur. Tous les utilisateurs peuvent consulter, modifier ou supprimer leurs informations personnelles \u00e0 tout moment (\u00e0 l&rsquo;exception de leur nom d&rsquo;utilisateur). Les administrateurs du site peuvent \u00e9galement voir et modifier ces informations.<\/p>\n\n\n\n<p><\/p>\n\n\n\n<h4 class=\"wp-block-heading\">Vos droits concernant vos donn\u00e9es<\/h4>\n\n\n\n<p>Si vous avez un compte sur ce site ou si vous avez laiss\u00e9 des commentaires, vous pouvez demander \u00e0 recevoir un fichier export\u00e9 de vos donn\u00e9es personnelles que nous d\u00e9tenons, y compris toutes les donn\u00e9es que vous nous avez fournies. Vous pouvez \u00e9galement demander que nous effacions les donn\u00e9es personnelles que nous avons \u00e0 votre sujet. Cela n&rsquo;inclut pas les donn\u00e9es que nous sommes tenus de conserver pour des raisons administratives, l\u00e9gales ou de s\u00e9curit\u00e9.<\/p>\n\n\n\n<p><\/p>\n\n\n\n<h4 class=\"wp-block-heading\">Conformit\u00e9 L\u00e9gale<\/h4>\n\n\n\n<p>Cette politique de confidentialit\u00e9 est conforme \u00e0 la LPD suisse ainsi qu&rsquo;au RGPD.<\/p>\n\n\n\n<p><\/p>\n\n\n\n<p>Mise \u00e0 jour : 26.09.2024<\/p>\n\n\n\n<p><\/p>\n\n\n\n<p><\/p>\n\n\n\n<p><\/p>","protected":false},"excerpt":{"rendered":"<p>Cette politique de confidentialit\u00e9 d\u00e9crit comment KContakt Photography collecte, utilise et prot\u00e8ge vos informations personnelles lorsque vous visitez notre site. Commentaires Lorsque les visiteurs laissent des commentaires sur le site, nous collectons les donn\u00e9es affich\u00e9es dans le formulaire de commentaire, ainsi que l&rsquo;adresse IP du visiteur et la cha\u00eene d&rsquo;agent utilisateur du navigateur afin d&rsquo;aider [&hellip;]<\/p>\n","protected":false},"author":1,"featured_media":0,"parent":0,"menu_order":0,"comment_status":"closed","ping_status":"closed","template":"","meta":{"_acf_changed":false,"_et_pb_use_builder":"","_et_pb_old_content":"","_et_gb_content_width":"1080","footnotes":""},"folder":[],"class_list":["post-3","page","type-page","status-publish","hentry"],"acf":[],"_links":{"self":[{"href":"https:\/\/kcontakt.ch\/en\/wp-json\/wp\/v2\/pages\/3","targetHints":{"allow":["GET"]}}],"collection":[{"href":"https:\/\/kcontakt.ch\/en\/wp-json\/wp\/v2\/pages"}],"about":[{"href":"https:\/\/kcontakt.ch\/en\/wp-json\/wp\/v2\/types\/page"}],"author":[{"embeddable":true,"href":"https:\/\/kcontakt.ch\/en\/wp-json\/wp\/v2\/users\/1"}],"replies":[{"embeddable":true,"href":"https:\/\/kcontakt.ch\/en\/wp-json\/wp\/v2\/comments?post=3"}],"version-history":[{"count":6,"href":"https:\/\/kcontakt.ch\/en\/wp-json\/wp\/v2\/pages\/3\/revisions"}],"predecessor-version":[{"id":523,"href":"https:\/\/kcontakt.ch\/en\/wp-json\/wp\/v2\/pages\/3\/revisions\/523"}],"wp:attachment":[{"href":"https:\/\/kcontakt.ch\/en\/wp-json\/wp\/v2\/media?parent=3"}],"wp:term":[{"taxonomy":"folder","embeddable":true,"href":"https:\/\/kcontakt.ch\/en\/wp-json\/wp\/v2\/folder?post=3"}],"curies":[{"name":"wp","href":"https:\/\/api.w.org\/{rel}","templated":true}]}}