{"id":353,"date":"2024-09-23T14:28:25","date_gmt":"2024-09-23T12:28:25","guid":{"rendered":"https:\/\/kcontakt.ch\/?page_id=353"},"modified":"2024-09-26T15:54:58","modified_gmt":"2024-09-26T13:54:58","slug":"mentions-legales","status":"publish","type":"page","link":"https:\/\/kcontakt.ch\/en\/mentions-legales\/","title":{"rendered":"Legal information"},"content":{"rendered":"<p><\/p>\n\n\n\n<h4 class=\"wp-block-heading\">KContakt Photography est \u00e9dit\u00e9 et exploit\u00e9 par<\/h4>\n\n\n\n<p>Kevin Joss<\/p>\n\n\n\n<p>Vy-Creuse 16<\/p>\n\n\n\n<p>2208 Les Hauts-Geneveys<\/p>\n\n\n\n<p>SWITZERLAND<\/p>\n\n\n\n<p>kcontakt.ch@gmail.com<\/p>\n\n\n\n<p><\/p>\n\n\n\n<h4 class=\"wp-block-heading\">Droits d\u2019auteur et propri\u00e9t\u00e9 intellectuelle<\/h4>\n\n\n\n<p>Les droits d&rsquo;auteur et tous les autres droits sur le contenu, les images, les photos ou d&rsquo;autres fichiers du site Web appartieLes droits d\u2019auteur et les autres droits relatifs au contenu, aux images, aux photographies ou aux fichiers pr\u00e9sents sur ce site web appartiennent exclusivement \u00e0 KContakt Photography, sauf mention contraire. Toute reproduction, distribution ou autre utilisation des \u00e9l\u00e9ments du site n\u00e9cessite une autorisation \u00e9crite pr\u00e9alable de KContakt Photography ou des d\u00e9tenteurs des droits sp\u00e9cifi\u00e9s.<\/p>\n\n\n\n<p>Pour plus d\u2019informations sur les droits de propri\u00e9t\u00e9 intellectuelle, consultez nos <strong><a href=\"https:\/\/kcontakt.ch\/en\/conditions-generales-vente\/\" data-type=\"page\" data-id=\"356\">Conditions G\u00e9n\u00e9rales de Vente<\/a><\/strong>.<\/p>\n\n\n\n<p><\/p>\n\n\n\n<p><\/p>","protected":false},"excerpt":{"rendered":"<p>KContakt Photography est \u00e9dit\u00e9 et exploit\u00e9 par Kevin Joss Vy-Creuse 16 2208 Les Hauts-Geneveys SUISSE kcontakt.ch@gmail.com Droits d\u2019auteur et propri\u00e9t\u00e9 intellectuelle Les droits d&rsquo;auteur et tous les autres droits sur le contenu, les images, les photos ou d&rsquo;autres fichiers du site Web appartieLes droits d\u2019auteur et les autres droits relatifs au contenu, aux images, aux [&hellip;]<\/p>\n","protected":false},"author":1,"featured_media":0,"parent":0,"menu_order":0,"comment_status":"closed","ping_status":"closed","template":"","meta":{"_acf_changed":false,"_et_pb_use_builder":"off","_et_pb_old_content":"","_et_gb_content_width":"1080","footnotes":""},"folder":[],"class_list":["post-353","page","type-page","status-publish","hentry"],"acf":[],"_links":{"self":[{"href":"https:\/\/kcontakt.ch\/en\/wp-json\/wp\/v2\/pages\/353","targetHints":{"allow":["GET"]}}],"collection":[{"href":"https:\/\/kcontakt.ch\/en\/wp-json\/wp\/v2\/pages"}],"about":[{"href":"https:\/\/kcontakt.ch\/en\/wp-json\/wp\/v2\/types\/page"}],"author":[{"embeddable":true,"href":"https:\/\/kcontakt.ch\/en\/wp-json\/wp\/v2\/users\/1"}],"replies":[{"embeddable":true,"href":"https:\/\/kcontakt.ch\/en\/wp-json\/wp\/v2\/comments?post=353"}],"version-history":[{"count":5,"href":"https:\/\/kcontakt.ch\/en\/wp-json\/wp\/v2\/pages\/353\/revisions"}],"predecessor-version":[{"id":526,"href":"https:\/\/kcontakt.ch\/en\/wp-json\/wp\/v2\/pages\/353\/revisions\/526"}],"wp:attachment":[{"href":"https:\/\/kcontakt.ch\/en\/wp-json\/wp\/v2\/media?parent=353"}],"wp:term":[{"taxonomy":"folder","embeddable":true,"href":"https:\/\/kcontakt.ch\/en\/wp-json\/wp\/v2\/folder?post=353"}],"curies":[{"name":"wp","href":"https:\/\/api.w.org\/{rel}","templated":true}]}}