{"id":597,"date":"2024-10-01T22:03:21","date_gmt":"2024-10-01T20:03:21","guid":{"rendered":"https:\/\/kcontakt.ch\/?post_type=product&#038;p=597"},"modified":"2024-12-07T13:54:28","modified_gmt":"2024-12-07T12:54:28","slug":"la-galaxie-dandromede","status":"publish","type":"product","link":"https:\/\/kcontakt.ch\/en\/product\/la-galaxie-dandromede\/","title":{"rendered":"The Andromeda Galaxy"},"content":{"rendered":"<div id=\"description\" class=\"tab-pane fade in active\" role=\"tabpanel\">\n<div class=\"product-description\">\n<p>D\u00e9couvrez la majest\u00e9 intemporelle de la Galaxie d&rsquo;Androm\u00e8de, M31, captur\u00e9e dans une impression unique.<\/p>\n<p>Chaque d\u00e9tail envo\u00fbtant de cette merveille cosmique a \u00e9t\u00e9 r\u00e9v\u00e9l\u00e9 \u00e0 travers une pose longue de 1 heures et 45 minutes, immortalis\u00e9e avec une palette de couleur standard RVB.<\/p>\n<p>Plongez dans les profondeurs de l&rsquo;espace et laissez-vous emporter par la magie de cette cr\u00e9ation c\u00e9leste.<\/p>\n<p>For each work, you can choose between two quality finishes: <strong>the poster printing<\/strong>, for a light, classic look, or <strong>the Dibond printing<\/strong>, which offers a top-of-the-range, robust and modern finish.<br \/>\nThe photos below illustrate the final rendering of the two options so that you can better visualise the result.<\/p>\n<p style=\"text-align: center;\"><a href=\"https:\/\/kcontakt.ch\/wp-content\/uploads\/2024\/10\/Alu-dibond.png\"><img loading=\"lazy\" decoding=\"async\" class=\"alignnone wp-image-647\" src=\"https:\/\/kcontakt.ch\/wp-content\/uploads\/2024\/10\/Alu-dibond.png\" alt=\"\" width=\"332\" height=\"221\" \/><\/a> \u00a0<a href=\"https:\/\/kcontakt.ch\/wp-content\/uploads\/2024\/10\/Poster-photo.png\"><img loading=\"lazy\" decoding=\"async\" class=\"alignnone wp-image-648\" src=\"https:\/\/kcontakt.ch\/wp-content\/uploads\/2024\/10\/Poster-photo.png\" alt=\"\" width=\"332\" height=\"221\" \/><\/a><\/p>\n<\/div>\n<\/div>","protected":false},"excerpt":{"rendered":"<p>D\u00e9couvrez la majest\u00e9 intemporelle de la Galaxie d&rsquo;Androm\u00e8de, M31, captur\u00e9e dans une impression unique.<\/p>","protected":false},"featured_media":606,"comment_status":"open","ping_status":"closed","template":"","meta":{"_acf_changed":false,"_et_pb_use_builder":"","_et_pb_old_content":"","_et_gb_content_width":""},"product_brand":[],"product_cat":[22],"product_tag":[],"class_list":{"0":"post-597","1":"product","2":"type-product","3":"status-publish","4":"has-post-thumbnail","6":"product_cat-galaxies","8":"first","9":"instock","10":"shipping-taxable","11":"purchasable","12":"product-type-variable","13":"has-default-attributes"},"acf":[],"_links":{"self":[{"href":"https:\/\/kcontakt.ch\/en\/wp-json\/wp\/v2\/product\/597","targetHints":{"allow":["GET"]}}],"collection":[{"href":"https:\/\/kcontakt.ch\/en\/wp-json\/wp\/v2\/product"}],"about":[{"href":"https:\/\/kcontakt.ch\/en\/wp-json\/wp\/v2\/types\/product"}],"replies":[{"embeddable":true,"href":"https:\/\/kcontakt.ch\/en\/wp-json\/wp\/v2\/comments?post=597"}],"wp:featuredmedia":[{"embeddable":true,"href":"https:\/\/kcontakt.ch\/en\/wp-json\/wp\/v2\/media\/606"}],"wp:attachment":[{"href":"https:\/\/kcontakt.ch\/en\/wp-json\/wp\/v2\/media?parent=597"}],"wp:term":[{"taxonomy":"product_brand","embeddable":true,"href":"https:\/\/kcontakt.ch\/en\/wp-json\/wp\/v2\/product_brand?post=597"},{"taxonomy":"product_cat","embeddable":true,"href":"https:\/\/kcontakt.ch\/en\/wp-json\/wp\/v2\/product_cat?post=597"},{"taxonomy":"product_tag","embeddable":true,"href":"https:\/\/kcontakt.ch\/en\/wp-json\/wp\/v2\/product_tag?post=597"}],"curies":[{"name":"wp","href":"https:\/\/api.w.org\/{rel}","templated":true}]}}