{"id":735,"date":"2025-11-26T20:12:28","date_gmt":"2025-11-26T19:12:28","guid":{"rendered":"https:\/\/kcontakt.ch\/?post_type=product&#038;p=735"},"modified":"2025-11-26T20:29:54","modified_gmt":"2025-11-26T19:29:54","slug":"calendrier-a4-mural-astrophotographique-2026","status":"publish","type":"product","link":"https:\/\/kcontakt.ch\/en\/product\/calendrier-a4-mural-astrophotographique-2026\/","title":{"rendered":"Calendrier A4 mural Astrophotographique 2026"},"content":{"rendered":"<p>Immerse yourself in the beauty of the cosmos with my <strong>calendrier 2026<\/strong>of my most beautiful astrophotographs.<\/p>\n<p>Each month reveals a new image captured with care and precision, highlighting the grandeur of the universe: distant galaxies, dazzling nebulae and starry skies of rare clarity.<\/p>\n<p>All the photos were taken with my own equipment, during exciting nights of observation, to bring you a unique calendar, ideal for all lovers of the stars and astronomy.<\/p>\n<p>Le calendrier 2026 est pr\u00e9sent\u00e9 en format A4 horizontal avec une finition soign\u00e9e. Chaque photographie occupe une page enti\u00e8re, et une seconde page A4 d\u00e9di\u00e9e affiche le mois correspondant sous forme de grille, avec un carr\u00e9 par jour pour permettre des annotations manuscrites. L\u2019ensemble est pens\u00e9 pour \u00eatre accroch\u00e9 facilement au mur gr\u00e2ce \u00e0 une perforation pr\u00e9vue \u00e0 cet effet.<\/p>","protected":false},"excerpt":{"rendered":"<p>Un Voyage \u00e0 Travers les \u00c9toiles<\/p>","protected":false},"featured_media":737,"comment_status":"open","ping_status":"closed","template":"","meta":{"_acf_changed":false,"_et_pb_use_builder":"","_et_pb_old_content":"","_et_gb_content_width":""},"product_brand":[],"product_cat":[61],"product_tag":[],"class_list":{"0":"post-735","1":"product","2":"type-product","3":"status-publish","4":"has-post-thumbnail","6":"product_cat-calendriers","7":"product_shipping_class-calendrier","9":"first","10":"instock","11":"shipping-taxable","12":"purchasable","13":"product-type-simple"},"acf":[],"_links":{"self":[{"href":"https:\/\/kcontakt.ch\/en\/wp-json\/wp\/v2\/product\/735","targetHints":{"allow":["GET"]}}],"collection":[{"href":"https:\/\/kcontakt.ch\/en\/wp-json\/wp\/v2\/product"}],"about":[{"href":"https:\/\/kcontakt.ch\/en\/wp-json\/wp\/v2\/types\/product"}],"replies":[{"embeddable":true,"href":"https:\/\/kcontakt.ch\/en\/wp-json\/wp\/v2\/comments?post=735"}],"wp:featuredmedia":[{"embeddable":true,"href":"https:\/\/kcontakt.ch\/en\/wp-json\/wp\/v2\/media\/737"}],"wp:attachment":[{"href":"https:\/\/kcontakt.ch\/en\/wp-json\/wp\/v2\/media?parent=735"}],"wp:term":[{"taxonomy":"product_brand","embeddable":true,"href":"https:\/\/kcontakt.ch\/en\/wp-json\/wp\/v2\/product_brand?post=735"},{"taxonomy":"product_cat","embeddable":true,"href":"https:\/\/kcontakt.ch\/en\/wp-json\/wp\/v2\/product_cat?post=735"},{"taxonomy":"product_tag","embeddable":true,"href":"https:\/\/kcontakt.ch\/en\/wp-json\/wp\/v2\/product_tag?post=735"}],"curies":[{"name":"wp","href":"https:\/\/api.w.org\/{rel}","templated":true}]}}